{"id":313,"date":"2021-04-22T18:22:16","date_gmt":"2021-04-22T18:22:16","guid":{"rendered":"https:\/\/www.impactclimate.ca\/knowledge\/leading-the-way\/"},"modified":"2024-07-25T17:27:23","modified_gmt":"2024-07-25T17:27:23","slug":"ouvrir-la-voie-a-un-avenir-carboneutre","status":"publish","type":"page","link":"https:\/\/www.impactclimate.ca\/fr\/connaissances\/ouvrir-la-voie-a-un-avenir-carboneutre\/","title":{"rendered":"Ouvrir la voie \u00e0 un avenir carboneutre"},"content":{"rendered":"<p class=\"lead\">Les coll\u00e8ges et instituts du Canada jouent un r\u00f4le crucial dans l\u2019av\u00e8nement d\u2019un avenir carboneutre. On y enseigne des comp\u00e9tences essentielles, on y m\u00e8ne des recherches novatrices, on fait preuve de leadership dans la communaut\u00e9. D\u00e9couvrez en quoi ces \u00e9tablissements sont bien plac\u00e9s pour conduire une \u00e9conomie durable et \u00e9quitable, sobre en carbone, gr\u00e2ce \u00e0 des exemples d\u2019initiatives concr\u00e8tes et pertinentes.<\/p>\n<h2>Points saillants<\/h2>\n<h3 class=\"mb-1\">Des comp\u00e9tences vertes pour un avenir carboneutre<\/h3>\n<p>Les coll\u00e8ges dotent la population \u00e9tudiante de comp\u00e9tences essentielles dans le but de concr\u00e9tiser une \u00e9conomie sobre en carbone gr\u00e2ce \u00e0 des programmes novateurs et \u00e0 des microcertifications.<\/p>\n<h3 class=\"mb-1\">Recherche appliqu\u00e9e<\/h3>\n<p>Les \u00e9tablissements m\u00e8nent des initiatives de recherche appliqu\u00e9e dans le domaine des technologies propres et des pratiques durables. Ils proposent des solutions aux PME et aux partenaires communautaires.<\/p>\n<h3 class=\"mb-1\">Solutions novatrices issues du savoir traditionnel autochtone<\/h3>\n<p>L\u2019int\u00e9gration des savoirs autochtones renforce les efforts en mati\u00e8re de d\u00e9veloppement durable et favorise une approche globale de la gestion de l\u2019environnement.<\/p>\n<h3 class=\"mb-1\">Tirer parti de nos campus<\/h3>\n<p>Les coll\u00e8ges transforment les campus en laboratoires vivants du d\u00e9veloppement durable. Ils assurent la promotion de nouvelles sources d\u2019\u00e9nergie, la r\u00e9duction des d\u00e9chets, la gestion de la biodiversit\u00e9 et une production alimentaire durable.<\/p>\n<h2>Exemple concret<\/h2>\n<h3 class=\"mb-1\">Recherche appliqu\u00e9e \u2013 Red River College<\/h3>\n<p>Le projet de transport en commun carboneutre du Red River College vise \u00e0 tester des bus \u00e9lectriques et des syst\u00e8mes de recharge rapide dans des climats froids pour garantir la fiabilit\u00e9 du rendement et l\u2019efficacit\u00e9 \u00e9nerg\u00e9tique. Cette initiative appuie les transports publics abordables, r\u00e9duit les gaz \u00e0 effet de serre, encourage l\u2019utilisation d\u2019\u00e9nergies renouvelables et cr\u00e9e des emplois locaux.<\/p>\n<p><a class=\"btn btn-dark mt-3\" target=\"_blank\" href=\"https:\/\/www.impactclimate.ca\/wp-content\/uploads\/2024\/06\/CICan_Report_Net-zero_Fr_Avril2021.pdf\" rel=\"noopener\">Lire le rapport complet<\/a><\/p>\n","protected":false},"excerpt":{"rendered":"<p>Les coll\u00e8ges et instituts du Canada jouent un r\u00f4le crucial dans l\u2019av\u00e8nement d\u2019un avenir carboneutre. On y enseigne des comp\u00e9tences essentielles, on y m\u00e8ne des recherches novatrices, on fait preuve de leadership dans la communaut\u00e9. D\u00e9couvrez en quoi ces \u00e9tablissements sont bien plac\u00e9s pour conduire une \u00e9conomie durable et \u00e9quitable, sobre en carbone, gr\u00e2ce \u00e0 [&hellip;]<\/p>\n","protected":false},"author":1,"featured_media":168,"parent":51,"menu_order":0,"comment_status":"closed","ping_status":"closed","template":"page-resources.php","meta":{"_acf_changed":false,"footnotes":""},"class_list":["post-313","page","type-page","status-publish","has-post-thumbnail","hentry"],"acf":[],"_links":{"self":[{"href":"https:\/\/www.impactclimate.ca\/fr\/wp-json\/wp\/v2\/pages\/313","targetHints":{"allow":["GET"]}}],"collection":[{"href":"https:\/\/www.impactclimate.ca\/fr\/wp-json\/wp\/v2\/pages"}],"about":[{"href":"https:\/\/www.impactclimate.ca\/fr\/wp-json\/wp\/v2\/types\/page"}],"author":[{"embeddable":true,"href":"https:\/\/www.impactclimate.ca\/fr\/wp-json\/wp\/v2\/users\/1"}],"replies":[{"embeddable":true,"href":"https:\/\/www.impactclimate.ca\/fr\/wp-json\/wp\/v2\/comments?post=313"}],"version-history":[{"count":0,"href":"https:\/\/www.impactclimate.ca\/fr\/wp-json\/wp\/v2\/pages\/313\/revisions"}],"up":[{"embeddable":true,"href":"https:\/\/www.impactclimate.ca\/fr\/wp-json\/wp\/v2\/pages\/51"}],"wp:featuredmedia":[{"embeddable":true,"href":"https:\/\/www.impactclimate.ca\/fr\/wp-json\/wp\/v2\/media\/168"}],"wp:attachment":[{"href":"https:\/\/www.impactclimate.ca\/fr\/wp-json\/wp\/v2\/media?parent=313"}],"curies":[{"name":"wp","href":"https:\/\/api.w.org\/{rel}","templated":true}]}}