{"id":48,"date":"2024-05-13T18:58:00","date_gmt":"2024-05-13T18:58:00","guid":{"rendered":"https:\/\/www.impactclimate.ca\/contact\/"},"modified":"2024-07-30T17:26:54","modified_gmt":"2024-07-30T17:26:54","slug":"nous-joindre","status":"publish","type":"page","link":"https:\/\/www.impactclimate.ca\/fr\/nous-joindre\/","title":{"rendered":"Nous joindre"},"content":{"rendered":"<p class=\"lead\">\u00c9crivez-nous! Communiquez avec l\u2019\u00e9quipe d\u2019ImpAct-Climat pour vous renseigner sur nos initiatives et savoir comment vous pouvez contribuer \u00e0 cr\u00e9er un avenir durable dans le secteur des coll\u00e8ges et instituts du Canada. <\/p>\n<div class=\"boxit my-5\">\n<div class=\"row\">\n<div class=\"col-sm-12 col-md-4\">\n<h3 class=\"mb-3\">Abonnez-vous \u00e0 notre liste de diffusion<\/h3>\n<p>\t\t\tRestez au courant des derni\u00e8res initiatives et ressources en mati\u00e8re d\u2019action climatique.<br \/>\n\t\t\t<a class=\"btn btn-dark\" href=\"https:\/\/analytics.clickdimensions.com\/collegesinstitutesca-aizmt\/pages\/d1vepiuee6nwanojiyhg.html?PageId=7aaf5f0fae98ee11be37000d3a323286\" target=\"_blank\" rel=\"noopener\">S\u2019abonner<\/a>\n\t\t<\/div>\n<div class=\"col-sm-12 col-md-4\">\n<h3 class=\"mb-3\">Suivez-nous<\/h3>\n<p>\t\t\tSuivez-nous sur les m\u00e9dias sociaux pour \u00eatre au courant des mises \u00e0 jour et des nouvelles.<\/p>\n<ul class=\"clearfix mt-3 ic-ft-social-media\">\n<li><a href=\"https:\/\/twitter.com\/cicanimpact\" target=\"_blank\" rel=\"noopener\"><i class=\"fa-brands fa-square-x-twitter\"><\/i><\/a><\/li>\n<li><a href=\"https:\/\/www.instagram.com\/cican_impactclimate\/\" target=\"_blank\" rel=\"noopener\"><i class=\"fa-brands fa-square-instagram\"><\/i><\/a><\/li>\n<\/ul><\/div>\n<div class=\"col-sm-12 col-md-4\">\n<h3 class=\"mb-3\">Courriel<\/h3>\n<p>\t\t\tContactez-nous directement au <a href=\"mailto:impact@cican.org\">impact@cican.org<\/a>.\n\t\t<\/div>\n<\/p><\/div>\n<\/div>\n<p>ImpAct-Climat est une initiative de <a href=\"https:\/\/www.collegesinstitutes.ca\/fr\" target=\"_blank\" rel=\"noopener\">Coll\u00e8ges et instituts Canada<\/a> financ\u00e9e par <a href=\"https:\/\/www.canada.ca\/fr\/environnement-changement-climatique.html\" target=\"_blank\" rel=\"noopener\">Environnement et Changement climatique Canada<\/a>. Ensemble, nous mobilisons les connaissances en faveur de l\u2019action climatique et cr\u00e9ons un avenir durable au sein du secteur des coll\u00e8ges et instituts du Canada. <\/p>\n","protected":false},"excerpt":{"rendered":"<p>\u00c9crivez-nous! Communiquez avec l\u2019\u00e9quipe d\u2019ImpAct-Climat pour vous renseigner sur nos initiatives et savoir comment vous pouvez contribuer \u00e0 cr\u00e9er un avenir durable dans le secteur des coll\u00e8ges et instituts du Canada. Abonnez-vous \u00e0 notre liste de diffusion Restez au courant des derni\u00e8res initiatives et ressources en mati\u00e8re d\u2019action climatique. S\u2019abonner Suivez-nous Suivez-nous sur les m\u00e9dias [&hellip;]<\/p>\n","protected":false},"author":1,"featured_media":567,"parent":0,"menu_order":0,"comment_status":"closed","ping_status":"closed","template":"","meta":{"_acf_changed":false,"footnotes":""},"class_list":["post-48","page","type-page","status-publish","has-post-thumbnail","hentry"],"acf":[],"_links":{"self":[{"href":"https:\/\/www.impactclimate.ca\/fr\/wp-json\/wp\/v2\/pages\/48","targetHints":{"allow":["GET"]}}],"collection":[{"href":"https:\/\/www.impactclimate.ca\/fr\/wp-json\/wp\/v2\/pages"}],"about":[{"href":"https:\/\/www.impactclimate.ca\/fr\/wp-json\/wp\/v2\/types\/page"}],"author":[{"embeddable":true,"href":"https:\/\/www.impactclimate.ca\/fr\/wp-json\/wp\/v2\/users\/1"}],"replies":[{"embeddable":true,"href":"https:\/\/www.impactclimate.ca\/fr\/wp-json\/wp\/v2\/comments?post=48"}],"version-history":[{"count":0,"href":"https:\/\/www.impactclimate.ca\/fr\/wp-json\/wp\/v2\/pages\/48\/revisions"}],"wp:featuredmedia":[{"embeddable":true,"href":"https:\/\/www.impactclimate.ca\/fr\/wp-json\/wp\/v2\/media\/567"}],"wp:attachment":[{"href":"https:\/\/www.impactclimate.ca\/fr\/wp-json\/wp\/v2\/media?parent=48"}],"curies":[{"name":"wp","href":"https:\/\/api.w.org\/{rel}","templated":true}]}}