{"id":50,"date":"2024-05-13T18:57:39","date_gmt":"2024-05-13T18:57:39","guid":{"rendered":"https:\/\/www.impactclimate.ca\/tools-training\/"},"modified":"2024-08-23T18:55:23","modified_gmt":"2024-08-23T18:55:23","slug":"outils-et-formations","status":"publish","type":"page","link":"https:\/\/www.impactclimate.ca\/fr\/outils-et-formations\/","title":{"rendered":"Outils et formations"},"content":{"rendered":"<h2>Des ressources essentielles pour outiller votre \u00e9tablissement<\/h2>\n<p class=\"lead\">ImpAct-Climat fournit les outils essentiels, la formation et le soutien dont votre \u00e9tablissement a besoin pour mener une action climatique efficace. Vous aurez acc\u00e8s \u00e0 des guides, des bo\u00eetes \u00e0 outils et des ateliers pass\u00e9s, con\u00e7us pour r\u00e9duire les \u00e9missions de gaz \u00e0 effet de serre et promouvoir des pratiques durables sur le campus.<\/p>\n<h2>Ressources cl\u00e9s<\/h2>\n<div class=\"row\">\n<div class=\"col-12 col-md-4\">\n<div class=\"boxit p-5 d-flex flex-column h-100\">\n<a target=\"_blank\" href=\"\/fr\/outils-et-formations\/commuting-and-campuses\/\" rel=\"noopener\"><img loading=\"lazy\" decoding=\"async\" src=\"https:\/\/www.impactclimate.ca\/wp-content\/uploads\/2024\/07\/cover-favoriser-231x300.jpg\" alt=\"\" width=\"231\" height=\"300\" class=\"alignnone size-medium wp-image-678\" srcset=\"https:\/\/www.impactclimate.ca\/wp-content\/uploads\/2024\/07\/cover-favoriser-231x300.jpg 231w, https:\/\/www.impactclimate.ca\/wp-content\/uploads\/2024\/07\/cover-favoriser.jpg 600w\" sizes=\"auto, (max-width: 231px) 100vw, 231px\" \/><\/a><\/p>\n<h3><a href=\"\/fr\/outils-et-formations\/commuting-and-campuses\/\">Favoriser la mobilit\u00e9 durable sur les campus : un guide pratique<\/a><\/h3>\n<p>D\u00e9couvrez dix initiatives concr\u00e8tes de transport durable pour r\u00e9duire l\u2019empreinte carbone de votre campus, assorties d\u2019exemples et des ressources n\u00e9cessaires en phase avec les objectifs STARS (syst\u00e8me de suivi, d\u2019\u00e9valuation et de notation de la durabilit\u00e9).<\/p>\n<div class=\"mt-auto\"><a class=\"btn btn-dark\" href=\"\/fr\/outils-et-formations\/commuting-and-campuses\/\">En savoir plus<\/a><\/div>\n<\/div>\n<\/div>\n<div class=\"col-12 col-md-4\">\n<div class=\"boxit p-5 d-flex flex-column h-100\">\n<a target=\"_blank\" href=\"\/fr\/outils-et-formations\/formation-du-corps-enseignant\/\" rel=\"noopener\"><img loading=\"lazy\" decoding=\"async\" src=\"https:\/\/www.impactclimate.ca\/wp-content\/uploads\/2024\/07\/cover-formation-231x300.jpg\" alt=\"\" width=\"231\" height=\"300\" class=\"alignnone size-medium wp-image-680\" srcset=\"https:\/\/www.impactclimate.ca\/wp-content\/uploads\/2024\/07\/cover-formation-231x300.jpg 231w, https:\/\/www.impactclimate.ca\/wp-content\/uploads\/2024\/07\/cover-formation.jpg 600w\" sizes=\"auto, (max-width: 231px) 100vw, 231px\" \/><\/a><\/p>\n<h3><a href=\"\/fr\/outils-et-formations\/formation-du-corps-enseignant\/\">Formation du corps enseignant : \u00e9cologisation des m\u00e9tiers de la construction<\/a><\/h3>\n<p>Am\u00e9liorez votre enseignement gr\u00e2ce \u00e0 des modules sur les derni\u00e8res nouveaut\u00e9s dans les domaines de la construction et de l\u2019am\u00e9nagement paysager durables, sans oublier les perspectives autochtones gr\u00e2ce auxquelles vous int\u00e9grerez des pratiques respectueuses de l\u2019environnement \u00e0 vos programmes d\u2019\u00e9tudes.<\/p>\n<div class=\"mt-auto\"><a class=\"btn btn-dark\" href=\"\/fr\/outils-et-formations\/formation-du-corps-enseignant\/\">En savoir plus<\/a><\/div>\n<\/div>\n<\/div>\n<div class=\"col-12 col-md-4\">\n<div class=\"boxit p-5 d-flex flex-column h-100\">\n<a target=\"_blank\" href=\"\/fr\/outils-et-formations\/ateliers-passes\/\" rel=\"noopener\"><img loading=\"lazy\" decoding=\"async\" src=\"https:\/\/www.impactclimate.ca\/wp-content\/uploads\/2024\/07\/cover-pastworkshops-231x300.jpg\" alt=\"\" width=\"231\" height=\"300\" class=\"alignnone size-medium wp-image-662\" srcset=\"https:\/\/www.impactclimate.ca\/wp-content\/uploads\/2024\/07\/cover-pastworkshops-231x300.jpg 231w, https:\/\/www.impactclimate.ca\/wp-content\/uploads\/2024\/07\/cover-pastworkshops.jpg 600w\" sizes=\"auto, (max-width: 231px) 100vw, 231px\" \/><\/a><\/p>\n<h3><a href=\"\/fr\/outils-et-formations\/ateliers-passes\/\">Ateliers pass\u00e9s<\/a><\/h3>\n<p>D\u00e9couvrez la richesse des connaissances acquises lors de nos ateliers pr\u00e9c\u00e9dents. Vous y trouverez des id\u00e9es et des exemples concrets issus de l\u2019exp\u00e9rience des \u00e9tablissements membres de CICan. Vous aurez la possibilit\u00e9 d\u2019explorer toutes sortes de sujets : accroissement de la durabilit\u00e9 des offres alimentaires sur les campus, inventaire des \u00e9missions de gaz \u00e0 effet de serre ou approvisionnement durable pour am\u00e9liorer les pratiques environnementales de votre \u00e9tablissement.<\/p>\n<div class=\"mt-auto\"><a class=\"btn btn-dark\" href=\"\/fr\/outils-et-formations\/ateliers-passes\/\">En savoir plus<\/a><\/div>\n<\/div>\n<\/div>\n<\/div>\n","protected":false},"excerpt":{"rendered":"<p>Vous aurez acc\u00e8s \u00e0 quantit\u00e9 de ressources : guides, modules de formation, ateliers pass\u00e9s sur la mani\u00e8re de r\u00e9duire les \u00e9missions de gaz \u00e0 effet de serre et de promouvoir des pratiques durables sur les campus, dans les programmes d\u2019\u00e9tudes et en recherche appliqu\u00e9e.<\/p>\n","protected":false},"author":1,"featured_media":570,"parent":0,"menu_order":0,"comment_status":"closed","ping_status":"closed","template":"","meta":{"_acf_changed":false,"footnotes":""},"class_list":["post-50","page","type-page","status-publish","has-post-thumbnail","hentry"],"acf":[],"_links":{"self":[{"href":"https:\/\/www.impactclimate.ca\/fr\/wp-json\/wp\/v2\/pages\/50","targetHints":{"allow":["GET"]}}],"collection":[{"href":"https:\/\/www.impactclimate.ca\/fr\/wp-json\/wp\/v2\/pages"}],"about":[{"href":"https:\/\/www.impactclimate.ca\/fr\/wp-json\/wp\/v2\/types\/page"}],"author":[{"embeddable":true,"href":"https:\/\/www.impactclimate.ca\/fr\/wp-json\/wp\/v2\/users\/1"}],"replies":[{"embeddable":true,"href":"https:\/\/www.impactclimate.ca\/fr\/wp-json\/wp\/v2\/comments?post=50"}],"version-history":[{"count":0,"href":"https:\/\/www.impactclimate.ca\/fr\/wp-json\/wp\/v2\/pages\/50\/revisions"}],"wp:featuredmedia":[{"embeddable":true,"href":"https:\/\/www.impactclimate.ca\/fr\/wp-json\/wp\/v2\/media\/570"}],"wp:attachment":[{"href":"https:\/\/www.impactclimate.ca\/fr\/wp-json\/wp\/v2\/media?parent=50"}],"curies":[{"name":"wp","href":"https:\/\/api.w.org\/{rel}","templated":true}]}}