{"id":776,"date":"2025-03-31T14:34:01","date_gmt":"2025-03-31T14:34:01","guid":{"rendered":"https:\/\/www.impactclimate.ca\/connaissances\/applied-research-for-a-changing-climate-how-colleges-and-institutes-are-strengthening-communities-and-industries\/"},"modified":"2025-04-17T13:15:44","modified_gmt":"2025-04-17T13:15:44","slug":"recherche-appliquee-face-aux-changements-climatiques-comment-les-colleges-et-les-instituts-renforcent-les-communautes-et-les-industries","status":"publish","type":"page","link":"https:\/\/www.impactclimate.ca\/fr\/connaissances\/recherche-appliquee-face-aux-changements-climatiques-comment-les-colleges-et-les-instituts-renforcent-les-communautes-et-les-industries\/","title":{"rendered":"Recherche appliqu\u00e9e face aux changements climatiques : comment les coll\u00e8ges et les instituts renforcent les communaut\u00e9s et les industries"},"content":{"rendered":"<h2>D\u00e9couvrez comment la recherche men\u00e9e par les coll\u00e8ges aide les entreprises et les communaut\u00e9s \u00e0 s\u2019adapter et \u00e0 prosp\u00e9rer face aux changements climatiques.<\/h2>\n<p class=\"lead\">Pr\u00e9sents dans presque toutes les communaut\u00e9s \u00e0 travers le pays, les coll\u00e8ges et instituts jouent un r\u00f4le essentiel en aidant leurs partenaires locaux \u00e0 concevoir, tester et mettre \u00e0 l\u2019\u00e9chelle des solutions qui r\u00e9duisent les \u00e9missions, am\u00e9liorent la durabilit\u00e9 et stimulent la croissance \u00e9conomique.<\/p>\n<h3>Ce guide pr\u00e9sente des exemples concrets d\u00e9montrant comment les coll\u00e8ges et instituts :<\/h3>\n<ul>\n<li>D\u00e9veloppent et mettent en \u0153uvre des innovations qui am\u00e9liorent l\u2019efficacit\u00e9 \u00e9nerg\u00e9tique, r\u00e9duisent les \u00e9missions et favorisent les technologies propres.<\/li>\n<li>\u00c9tablissent des partenariats avec les communaut\u00e9s autochtones pour soutenir un d\u00e9veloppement \u00e9conomique durable et autod\u00e9termin\u00e9, et faire progresser la r\u00e9conciliation.<\/li>\n<li>Aident les industries et les communaut\u00e9s \u00e0 s\u2019adapter aux changements climatiques en renfor\u00e7ant la r\u00e9silience dans des secteurs comme l\u2019agriculture, la construction et le transport.<\/li>\n<li>Stimulent l\u2019innovation et la productivit\u00e9 des petites et moyennes entreprises en les accompagnant dans l\u2019adoption de technologies et de pratiques durables.<\/li>\n<\/ul>\n<h2><img loading=\"lazy\" decoding=\"async\" class=\"size-full wp-image-807 alignright\" src=\"https:\/\/www.impactclimate.ca\/wp-content\/uploads\/2025\/04\/ImpAct-Climate-Knowledge-Cover-1.png\" alt=\"\" width=\"300\" height=\"276\" \/>Qu\u2019est-ce que la recherche appliqu\u00e9e\u202f?<\/h2>\n<p>La recherche appliqu\u00e9e est une recherche concr\u00e8te et orient\u00e9e vers les r\u00e9sultats, men\u00e9e en collaboration avec l\u2019industrie, les gouvernements et les communaut\u00e9s pour r\u00e9soudre des d\u00e9fis r\u00e9els. Contrairement \u00e0 la recherche th\u00e9orique, elle vise le d\u00e9veloppement de solutions tangibles \u2014 des technologies propres \u00e0 la conception durable des b\u00e2timents, en passant par l\u2019am\u00e9lioration de l\u2019efficacit\u00e9 et de la comp\u00e9titivit\u00e9 des entreprises.<\/p>\n<h2>La recherche appliqu\u00e9e en action : \u00e9tudes de cas<\/h2>\n<p>Le rapport complet pr\u00e9sente neuf \u00e9tudes de cas illustrant comment la recherche appliqu\u00e9e g\u00e9n\u00e8re des retomb\u00e9es concr\u00e8tes. Voici deux exemples \u2014 consultez le guide complet pour d\u00e9couvrir les autres.<\/p>\n<h3 class=\"mb-1\">C\u00e9gep de la Gasp\u00e9sie et des \u00celes : pour une souverainet\u00e9 \u00e9nerg\u00e9tique autochtone<\/h3>\n<p><a href=\"https:\/\/nergica.com\/\" target=\"_blank\" rel=\"noopener\">Nergica<\/a>, le centre de recherche appliqu\u00e9e et de transfert technologique du C\u00e9gep de la Gasp\u00e9sie et des \u00celes, a collabor\u00e9 avec la communaut\u00e9 Mi\u2019gmaq de Gesgapegiag afin de convertir un complexe touristique \u00e9loign\u00e9 \u00e0 une alimentation solaire de 80 \u00e0 100 %, \u00e9liminant plus de 10\u202f000 litres de diesel par an. Ce projet a permis de r\u00e9duire les co\u00fbts \u00e9nerg\u00e9tiques, d\u2019am\u00e9liorer la s\u00e9curit\u00e9 \u00e9nerg\u00e9tique et de cr\u00e9er un mod\u00e8le reproductible pour d\u2019autres communaut\u00e9s \u00e9loign\u00e9es.<\/p>\n<h3 class=\"mb-1\">Nova Scotia Community College : pr\u00e9voir les inondations c\u00f4ti\u00e8res pour renforcer la r\u00e9silience climatique<\/h3>\n<p>La mont\u00e9e du niveau de la mer et la fr\u00e9quence accrue des temp\u00eates augmentent les risques d\u2019inondation au Canada atlantique. <a href=\"https:\/\/www.nscc.ca\/appliedresearch\/research-areas\/geomatics\/\" target=\"_blank\" rel=\"noopener\">Le groupe de recherche en g\u00e9omatique appliqu\u00e9e<\/a> (AGRG) du NSCC a collabor\u00e9 avec CLIMAtlantic pour d\u00e9velopper des cartes de pr\u00e9vision des inondations \u00e0 haute r\u00e9solution, en mod\u00e9lisant 16 sc\u00e9narios diff\u00e9rents de mar\u00e9es de temp\u00eate. Cette recherche aide les communaut\u00e9s et les entreprises \u00e0 mieux se pr\u00e9parer aux catastrophes et \u00e0 planifier l\u2019am\u00e9nagement c\u00f4tier.<\/p>\n<h2>\u00c0 retenir : l\u2019impact de la recherche appliqu\u00e9e<\/h2>\n<p>La recherche appliqu\u00e9e dans les coll\u00e8ges et instituts permet aux communaut\u00e9s et aux entreprises de s\u2019\u00e9panouir malgr\u00e9 les bouleversements climatiques en :<\/p>\n<ul>\n<li>Soutenant les entreprises et les travailleur\u00b7euses : accompagnement dans l\u2019adoption de technologies propres, apprentissage pratique pour les \u00e9tudiant\u00b7es, et soutien \u00e0 l\u2019innovation des PME.<\/li>\n<li>Aidant les communaut\u00e9s \u00e0 s\u2019adapter : pr\u00e9vision des inondations, am\u00e9lioration de la s\u00e9curit\u00e9 alimentaire, protection des ressources en eau.<\/li>\n<li>Propulsant l\u2019innovation \u00e0 grande \u00e9chelle : d\u00e9veloppement d\u2019outils pratiques, mise \u00e0 l\u2019essai d\u2019infrastructures durables, et contribution aux solutions carboneutres.<\/li>\n<li>Faisant progresser la durabilit\u00e9 dirig\u00e9e par les Autochtones : int\u00e9gration des savoirs traditionnels, appui au leadership autochtone et renforcement de la recherche communautaire.<\/li>\n<\/ul>\n<h2>Envie d\u2019en savoir plus\u202f?<\/h2>\n<p>D\u00e9couvrez comment les coll\u00e8ges et instituts collaborent avec les entreprises, les industries et les communaut\u00e9s pour concevoir des solutions concr\u00e8tes face aux changements climatiques \u2014 favorisant l\u2019innovation, renfor\u00e7ant les industries et contribuant \u00e0 la r\u00e9conciliation.<\/p>\n<p>Ce guide est \u00e9galement une source d\u2019inspiration et d\u2019exemples pratiques pour aider les \u00e9tablissements \u00e0 d\u00e9velopper leurs initiatives de recherche et maximiser leur impact.<\/p>\n<p><a class=\"btn btn-dark mt-3\" href=\"https:\/\/collegesinstitutes.sharepoint.com\/:b:\/s\/Massive_ImpAct-Teamwork\/EaPhogxwBRBFqE9cGuhbhs4B1fIyyPkcUYZX7qGIXFMq0A?e=SRmlB4\" target=\"_blank\" rel=\"noopener\">T\u00e9l\u00e9charger le guide<\/a><\/p>\n","protected":false},"excerpt":{"rendered":"<p>D\u00e9couvrez comment la recherche men\u00e9e par les coll\u00e8ges aide les entreprises et les communaut\u00e9s \u00e0 s\u2019adapter et \u00e0 prosp\u00e9rer face aux changements climatiques. Pr\u00e9sents dans presque toutes les communaut\u00e9s \u00e0 travers le pays, les coll\u00e8ges et instituts jouent un r\u00f4le essentiel en aidant leurs partenaires locaux \u00e0 concevoir, tester et mettre \u00e0 l\u2019\u00e9chelle des solutions [&hellip;]<\/p>\n","protected":false},"author":1,"featured_media":0,"parent":51,"menu_order":0,"comment_status":"closed","ping_status":"closed","template":"","meta":{"_acf_changed":false,"footnotes":""},"class_list":["post-776","page","type-page","status-publish","hentry"],"acf":[],"_links":{"self":[{"href":"https:\/\/www.impactclimate.ca\/fr\/wp-json\/wp\/v2\/pages\/776","targetHints":{"allow":["GET"]}}],"collection":[{"href":"https:\/\/www.impactclimate.ca\/fr\/wp-json\/wp\/v2\/pages"}],"about":[{"href":"https:\/\/www.impactclimate.ca\/fr\/wp-json\/wp\/v2\/types\/page"}],"author":[{"embeddable":true,"href":"https:\/\/www.impactclimate.ca\/fr\/wp-json\/wp\/v2\/users\/1"}],"replies":[{"embeddable":true,"href":"https:\/\/www.impactclimate.ca\/fr\/wp-json\/wp\/v2\/comments?post=776"}],"version-history":[{"count":0,"href":"https:\/\/www.impactclimate.ca\/fr\/wp-json\/wp\/v2\/pages\/776\/revisions"}],"up":[{"embeddable":true,"href":"https:\/\/www.impactclimate.ca\/fr\/wp-json\/wp\/v2\/pages\/51"}],"wp:attachment":[{"href":"https:\/\/www.impactclimate.ca\/fr\/wp-json\/wp\/v2\/media?parent=776"}],"curies":[{"name":"wp","href":"https:\/\/api.w.org\/{rel}","templated":true}]}}